{"id":15,"date":"2018-06-18T06:58:10","date_gmt":"2018-06-18T06:58:10","guid":{"rendered":"https:\/\/nutrona.com\/contact\/"},"modified":"2021-03-26T15:45:46","modified_gmt":"2021-03-26T14:45:46","slug":"kontakt","status":"publish","type":"page","link":"https:\/\/nutrona.com\/pl\/kontakt\/","title":{"rendered":"Kontakt"},"content":{"rendered":"\n\n\t<h1>\n\t\t\t\tZosta\u0144my w kontakcie\n\t\t\t<\/h1>\n\t\t\t\t<img decoding=\"async\" src=\"https:\/\/nutrona.com\/wp-content\/uploads\/2021\/03\/basil-leaf.png\" alt=\"basil-leaf\" title=\"basil-leaf\" itemprop=\"image\"\/>\n\t<ul>\n\t\t<li>\t\t\t\t\n\t\tJe\u015bli masz jakie\u015b pytania , skontaktuj si\u0119 z nami<\/li>\t<\/ul>\n\t<h3>\n\t\t\t\tCz\u0119sto zadawane pytania\n\t\t\t<\/h3>\n\t\t\t\t<img decoding=\"async\" src=\"https:\/\/nutrona.com\/wp-content\/uploads\/2020\/02\/logo-leaf-new.png\" alt=\"logo-leaf-new\" title=\"logo-leaf-new\" itemprop=\"image\"\/>\n\t<h5>\n\t\t\t\tCzym jest Nutrona?\n\t\t\t<\/h5>\n\t\t<p>To marka premium z suplementami diety i nutraceutykami. Powsta\u0142a z my\u015bl\u0105 o dostarczeniu Klientom jako\u015bciowych produkt\u00f3w prozdrowotnych w przyst\u0119pnej cenie.<\/p>\t\n\t<h5>\n\t\t\t\tNa czym koncentruje si\u0119 g\u0142\u00f3wnie Nutrona?\n\t\t\t<\/h5>\n\t\t<p>Przede wszystkim zale\u017cy nam na jako\u015bci dobieranych sk\u0142adnik\u00f3w, bo to one sprawiaj\u0105, \u017ce efekty kuracji s\u0105 szybko widoczne.<\/p>\t\n\t<h5>\n\t\t\t\tCzy suplementy diety Nutrona s\u0105 bezpieczne?\n\t\t\t<\/h5>\n\t\t<p>Nad bezpiecze\u0144stwem i skuteczno\u015bci\u0105 naszych produkt\u00f3w czuwaj\u0105 specjali\u015bci \u017cywieniowi i do\u015bwiadczeni dietetycy, kt\u00f3rzy opracowuj\u0105 formu\u0142y bazuj\u0105c na najnowszych badaniach naukowych.<\/p>\t\n\t<h5>\n\t\t\t\tCzy w ofercie Nutrona znajduj\u0105 si\u0119 tak\u017ce inne produkty?\n\t\t\t<\/h5>\n\t\t<p>Tak. Marka oferuje tak\u017ce super\u017cywno\u015b\u0107, kt\u00f3ra wspiera odporno\u015b\u0107 organizmu oraz oczyszcza go z toksyn, a tak\u017ce poprawia metabolizm i ogranicza \u0142aknienie.<\/p>\t\n\n","protected":false},"excerpt":{"rendered":"<p>Zosta\u0144my w kontakcie Je\u015bli masz jakie\u015b pytania , skontaktuj si\u0119 z nami Cz\u0119sto zadawane pytania Czym jest Nutrona? To marka premium z suplementami diety i nutraceutykami. Powsta\u0142a z my\u015bl\u0105 o dostarczeniu Klientom jako\u015bciowych produkt\u00f3w prozdrowotnych w przyst\u0119pnej cenie. Na czym koncentruje si\u0119 g\u0142\u00f3wnie Nutrona? Przede wszystkim zale\u017cy nam na jako\u015bci dobieranych sk\u0142adnik\u00f3w, bo to one &hellip;<\/p>\n<p class=\"read-more\"> <a class=\"\" href=\"https:\/\/nutrona.com\/pl\/kontakt\/\"> <span class=\"screen-reader-text\">Kontakt<\/span> Read More \u00bb<\/a><\/p>\n","protected":false},"author":1,"featured_media":0,"parent":0,"menu_order":0,"comment_status":"closed","ping_status":"closed","template":"","meta":{"site-sidebar-layout":"no-sidebar","site-content-layout":"page-builder","ast-global-header-display":"","ast-main-header-display":"","ast-hfb-above-header-display":"","ast-hfb-below-header-display":"","ast-hfb-mobile-header-display":"","site-post-title":"disabled","ast-breadcrumbs-content":"","ast-featured-img":"disabled","footer-sml-layout":"","theme-transparent-header-meta":"enabled","adv-header-id-meta":"","stick-header-meta":"","header-above-stick-meta":"","header-main-stick-meta":"","header-below-stick-meta":"","footnotes":""},"class_list":["post-15","page","type-page","status-publish","hentry"],"yoast_head":"<!-- This site is optimized with the Yoast SEO plugin v20.3 - https:\/\/yoast.com\/wordpress\/plugins\/seo\/ -->\n<title>Kontakt - Nutrona<\/title>\n<meta name=\"robots\" content=\"index, follow, max-snippet:-1, max-image-preview:large, max-video-preview:-1\" \/>\n<link rel=\"canonical\" href=\"https:\/\/nutrona.com\/pl\/kontakt\/\" \/>\n<meta property=\"og:locale\" content=\"pl_PL\" \/>\n<meta property=\"og:type\" content=\"article\" \/>\n<meta property=\"og:title\" content=\"Kontakt - Nutrona\" \/>\n<meta property=\"og:description\" content=\"Zosta\u0144my w kontakcie Je\u015bli masz jakie\u015b pytania , skontaktuj si\u0119 z nami Cz\u0119sto zadawane pytania Czym jest Nutrona? To marka premium z suplementami diety i nutraceutykami. Powsta\u0142a z my\u015bl\u0105 o dostarczeniu Klientom jako\u015bciowych produkt\u00f3w prozdrowotnych w przyst\u0119pnej cenie. Na czym koncentruje si\u0119 g\u0142\u00f3wnie Nutrona? Przede wszystkim zale\u017cy nam na jako\u015bci dobieranych sk\u0142adnik\u00f3w, bo to one &hellip; Kontakt Read More \u00bb\" \/>\n<meta property=\"og:url\" content=\"https:\/\/nutrona.com\/pl\/kontakt\/\" \/>\n<meta property=\"og:site_name\" content=\"Nutrona\" \/>\n<meta property=\"article:modified_time\" content=\"2021-03-26T14:45:46+00:00\" \/>\n<meta property=\"og:image\" content=\"https:\/\/nutrona.com\/wp-content\/uploads\/2021\/03\/basil-leaf.png\" \/>\n<meta name=\"twitter:card\" content=\"summary_large_image\" \/>\n<meta name=\"twitter:label1\" content=\"Szacowany czas czytania\" \/>\n\t<meta name=\"twitter:data1\" content=\"1 minuta\" \/>\n<script type=\"application\/ld+json\" class=\"yoast-schema-graph\">{\"@context\":\"https:\/\/schema.org\",\"@graph\":[{\"@type\":\"WebPage\",\"@id\":\"https:\/\/nutrona.com\/pl\/kontakt\/\",\"url\":\"https:\/\/nutrona.com\/pl\/kontakt\/\",\"name\":\"Kontakt - Nutrona\",\"isPartOf\":{\"@id\":\"https:\/\/nutrona.com\/pl\/#website\"},\"datePublished\":\"2018-06-18T06:58:10+00:00\",\"dateModified\":\"2021-03-26T14:45:46+00:00\",\"breadcrumb\":{\"@id\":\"https:\/\/nutrona.com\/pl\/kontakt\/#breadcrumb\"},\"inLanguage\":\"pl-PL\",\"potentialAction\":[{\"@type\":\"ReadAction\",\"target\":[\"https:\/\/nutrona.com\/pl\/kontakt\/\"]}]},{\"@type\":\"BreadcrumbList\",\"@id\":\"https:\/\/nutrona.com\/pl\/kontakt\/#breadcrumb\",\"itemListElement\":[{\"@type\":\"ListItem\",\"position\":1,\"name\":\"Home Page\",\"item\":\"https:\/\/nutrona.com\/pl\/\"},{\"@type\":\"ListItem\",\"position\":2,\"name\":\"Kontakt\"}]},{\"@type\":\"WebSite\",\"@id\":\"https:\/\/nutrona.com\/pl\/#website\",\"url\":\"https:\/\/nutrona.com\/pl\/\",\"name\":\"Nutrona\",\"description\":\"\",\"publisher\":{\"@id\":\"https:\/\/nutrona.com\/pl\/#organization\"},\"potentialAction\":[{\"@type\":\"SearchAction\",\"target\":{\"@type\":\"EntryPoint\",\"urlTemplate\":\"https:\/\/nutrona.com\/pl\/?s={search_term_string}\"},\"query-input\":\"required name=search_term_string\"}],\"inLanguage\":\"pl-PL\"},{\"@type\":\"Organization\",\"@id\":\"https:\/\/nutrona.com\/pl\/#organization\",\"name\":\"Nutrona\",\"url\":\"https:\/\/nutrona.com\/pl\/\",\"logo\":{\"@type\":\"ImageObject\",\"inLanguage\":\"pl-PL\",\"@id\":\"https:\/\/nutrona.com\/pl\/#\/schema\/logo\/image\/\",\"url\":\"https:\/\/nutrona.com\/wp-content\/uploads\/2021\/03\/organic-store-green-1.svg\",\"contentUrl\":\"https:\/\/nutrona.com\/wp-content\/uploads\/2021\/03\/organic-store-green-1.svg\",\"caption\":\"Nutrona\"},\"image\":{\"@id\":\"https:\/\/nutrona.com\/pl\/#\/schema\/logo\/image\/\"}}]}<\/script>\n<!-- \/ Yoast SEO plugin. -->","yoast_head_json":{"title":"Kontakt - Nutrona","robots":{"index":"index","follow":"follow","max-snippet":"max-snippet:-1","max-image-preview":"max-image-preview:large","max-video-preview":"max-video-preview:-1"},"canonical":"https:\/\/nutrona.com\/pl\/kontakt\/","og_locale":"pl_PL","og_type":"article","og_title":"Kontakt - Nutrona","og_description":"Zosta\u0144my w kontakcie Je\u015bli masz jakie\u015b pytania , skontaktuj si\u0119 z nami Cz\u0119sto zadawane pytania Czym jest Nutrona? To marka premium z suplementami diety i nutraceutykami. Powsta\u0142a z my\u015bl\u0105 o dostarczeniu Klientom jako\u015bciowych produkt\u00f3w prozdrowotnych w przyst\u0119pnej cenie. Na czym koncentruje si\u0119 g\u0142\u00f3wnie Nutrona? Przede wszystkim zale\u017cy nam na jako\u015bci dobieranych sk\u0142adnik\u00f3w, bo to one &hellip; Kontakt Read More \u00bb","og_url":"https:\/\/nutrona.com\/pl\/kontakt\/","og_site_name":"Nutrona","article_modified_time":"2021-03-26T14:45:46+00:00","og_image":[{"url":"https:\/\/nutrona.com\/wp-content\/uploads\/2021\/03\/basil-leaf.png"}],"twitter_card":"summary_large_image","twitter_misc":{"Szacowany czas czytania":"1 minuta"},"schema":{"@context":"https:\/\/schema.org","@graph":[{"@type":"WebPage","@id":"https:\/\/nutrona.com\/pl\/kontakt\/","url":"https:\/\/nutrona.com\/pl\/kontakt\/","name":"Kontakt - Nutrona","isPartOf":{"@id":"https:\/\/nutrona.com\/pl\/#website"},"datePublished":"2018-06-18T06:58:10+00:00","dateModified":"2021-03-26T14:45:46+00:00","breadcrumb":{"@id":"https:\/\/nutrona.com\/pl\/kontakt\/#breadcrumb"},"inLanguage":"pl-PL","potentialAction":[{"@type":"ReadAction","target":["https:\/\/nutrona.com\/pl\/kontakt\/"]}]},{"@type":"BreadcrumbList","@id":"https:\/\/nutrona.com\/pl\/kontakt\/#breadcrumb","itemListElement":[{"@type":"ListItem","position":1,"name":"Home Page","item":"https:\/\/nutrona.com\/pl\/"},{"@type":"ListItem","position":2,"name":"Kontakt"}]},{"@type":"WebSite","@id":"https:\/\/nutrona.com\/pl\/#website","url":"https:\/\/nutrona.com\/pl\/","name":"Nutrona","description":"","publisher":{"@id":"https:\/\/nutrona.com\/pl\/#organization"},"potentialAction":[{"@type":"SearchAction","target":{"@type":"EntryPoint","urlTemplate":"https:\/\/nutrona.com\/pl\/?s={search_term_string}"},"query-input":"required name=search_term_string"}],"inLanguage":"pl-PL"},{"@type":"Organization","@id":"https:\/\/nutrona.com\/pl\/#organization","name":"Nutrona","url":"https:\/\/nutrona.com\/pl\/","logo":{"@type":"ImageObject","inLanguage":"pl-PL","@id":"https:\/\/nutrona.com\/pl\/#\/schema\/logo\/image\/","url":"https:\/\/nutrona.com\/wp-content\/uploads\/2021\/03\/organic-store-green-1.svg","contentUrl":"https:\/\/nutrona.com\/wp-content\/uploads\/2021\/03\/organic-store-green-1.svg","caption":"Nutrona"},"image":{"@id":"https:\/\/nutrona.com\/pl\/#\/schema\/logo\/image\/"}}]}},"_links":{"self":[{"href":"https:\/\/nutrona.com\/pl\/wp-json\/wp\/v2\/pages\/15","targetHints":{"allow":["GET"]}}],"collection":[{"href":"https:\/\/nutrona.com\/pl\/wp-json\/wp\/v2\/pages"}],"about":[{"href":"https:\/\/nutrona.com\/pl\/wp-json\/wp\/v2\/types\/page"}],"author":[{"embeddable":true,"href":"https:\/\/nutrona.com\/pl\/wp-json\/wp\/v2\/users\/1"}],"replies":[{"embeddable":true,"href":"https:\/\/nutrona.com\/pl\/wp-json\/wp\/v2\/comments?post=15"}],"version-history":[{"count":6,"href":"https:\/\/nutrona.com\/pl\/wp-json\/wp\/v2\/pages\/15\/revisions"}],"predecessor-version":[{"id":2943,"href":"https:\/\/nutrona.com\/pl\/wp-json\/wp\/v2\/pages\/15\/revisions\/2943"}],"wp:attachment":[{"href":"https:\/\/nutrona.com\/pl\/wp-json\/wp\/v2\/media?parent=15"}],"curies":[{"name":"wp","href":"https:\/\/api.w.org\/{rel}","templated":true}]}}