{"id":2970,"date":"2021-05-04T13:14:38","date_gmt":"2021-05-04T11:14:38","guid":{"rendered":"https:\/\/nutrona.com\/?page_id=2970"},"modified":"2021-05-04T13:51:43","modified_gmt":"2021-05-04T11:51:43","slug":"blog","status":"publish","type":"page","link":"https:\/\/nutrona.com\/pl\/blog\/","title":{"rendered":"Blog"},"content":{"rendered":"\n\n\t<h1>\n\t\t\t\tBlog\n\t\t\t<\/h1>\n\t\t\t\t<img decoding=\"async\" src=\"https:\/\/nutrona.com\/wp-content\/uploads\/2021\/03\/basil-leaf.png\" alt=\"basil-leaf\" title=\"basil-leaf\" itemprop=\"image\"\/>\n\t\t\t\t\t\t\t\t\t\t\t\t\t\t<a href=\"https:\/\/nutrona.com\/pl\/nutrona-dlaczego-warto-dbac-o-zdrowa-suplementacje\/\" target=\"_self\" title=\"Nutrona &#8211; Dlaczego warto dba\u0107 o zdrow\u0105 suplementacj\u0119?\" rel=\"noopener\">\n\t\t\t\t<img decoding=\"async\" src=\"https:\/\/nutrona.com\/wp-content\/uploads\/2021\/05\/suplements.jpg\" alt=\"suplements\" \/>\n\t\t\t\t<\/a>\n\t\t\t\t\t\t<h3>\n\t\t\t\t<a href=https:\/\/nutrona.com\/pl\/nutrona-dlaczego-warto-dbac-o-zdrowa-suplementacje\/ title=\"Nutrona &#8211; Dlaczego warto dba\u0107 o zdrow\u0105 suplementacj\u0119?\" tabindex=\"0\">Nutrona &#8211; Dlaczego warto dba\u0107 o zdrow\u0105 suplementacj\u0119?<\/a>\t\t\t<\/h3>\n\t\t\t\t\t\t\t<h5>\n\t\t\t4 maja, 2021\t\t\t\n\t\t\t\t\t\t\t<\/h5>\n\t\t\t\t\t\t\t\t\tWyobra\u017a sobie, \u017ce \u017cyjesz w idealnym \u015bwiecie. \u015apisz, ile chcesz, nawadniasz si\u0119 bez stres\u00f3w i po\u015bpiechu, jesz wszystkie mo\u017cliwe owoce i warzywa. Niestety \u017cycie tak nie wygl\u0105da. To dlatego organizm potrzebuje suplement\u00f3w &#8211; bo nie dostarczamy mu wszystkich niezb\u0119dnych sk\u0142adnik\u00f3w od\u017cywczych i witamin. Nale\u017cy przyjmowa\u0107 suplementy diety, bez wzgl\u0119du na &#8230;\n\t\t\t\t\t<a href=\"https:\/\/nutrona.com\/pl\/nutrona-dlaczego-warto-dbac-o-zdrowa-suplementacje\/\" target=\"_self\" rel=\"noopener\">Czytaj wi\u0119cej &#8594;<\/a>\t\t\n\t<h3>\n\t\t\t\tLiczby m\u00f3wi\u0105 same za siebie\n\t\t\t<\/h3>\n\t<h2>\n\t\t\t\t5,000 +\n\t\t\t<\/h2>\n\t\t<p>Zadowolonych klient\u00f3w<\/p>\t\n\t<h2>\n\t\t\t\t800 +\n\t\t\t<\/h2>\n\t\t<p>Sk\u0142adnik\u00f3w suplement\u00f3w<\/p>\t\n\t<h2>\n\t\t\t\t40+\n\t\t\t<\/h2>\n\t\t<p>Produkt\u00f3w<\/p>\t\n\t\t\t\t<img decoding=\"async\" src=\"https:\/\/nutrona.com\/wp-content\/uploads\/2021\/03\/image-01.jpg\" alt=\"image-01\" title=\"image-01\" itemprop=\"image\"\/>\n\t<p>W Nutrona wierzymy, \u017ce utrzymanie odpowiednio zbilansowanej diety bogatej w niezb\u0119dne witaminy i mikroelementy to podstawa utrzymania dobrego zdrowia. Chcemy dopom\u00f3c naszym klientom w utrzymaniu tego celu.<\/p>\n\t\t\t\t<img decoding=\"async\" src=\"https:\/\/nutrona.com\/wp-content\/uploads\/2019\/06\/organic-badge-freeimg.png\" alt=\"organic-badge-freeimg\" title=\"organic-badge-freeimg\" itemprop=\"image\"\/>\n\t<h3>\n\t\t\t\tCertyfikowane produkty\n\t\t\t<\/h3>\n\t\t<p>Na ka\u017cdym etapie produkcji korzystamy ze sprawdzonych certyfikowanych sk\u0142adnik\u00f3w<\/p>\t\n\t<h2>\n\t\t\t\tKorzystamy z bogatej palety naturalnych sk\u0142adnik\u00f3w\n\t\t\t<\/h2>\n\t\t\t\t<img decoding=\"async\" src=\"https:\/\/nutrona.com\/wp-content\/uploads\/2020\/02\/logo-leaf-new.png\" alt=\"logo-leaf-new\" title=\"logo-leaf-new\" itemprop=\"image\"\/>\n\t<ul>\n\t\t<li>\t\t\t\t\n\t\t\u015awie\u017ce owoce<\/li><li>\t\t\t\t\n\t\tSuszone owoce<\/li><li>\t\t\t\t\n\t\t\u015awie\u017ce warzywa<\/li><li>\t\t\t\t\n\t\tSuszone warzywa<\/li><li>\t\t\t\t\n\t\t\u015awie\u017ce zio\u0142a<\/li>\t<\/ul>\n\t<ul>\n\t\t<li>\t\t\t\t\n\t\tSuszone zio\u0142a<\/li><li>\t\t\t\t\n\t\tProdukty mleczne<\/li><li>\t\t\t\t\n\t\tMi\u00f3d organiczny<\/li><li>\t\t\t\t\n\t\tOrganiczna herbata<\/li>\t<\/ul>\n\n","protected":false},"excerpt":{"rendered":"<p>Blog Nutrona &#8211; Dlaczego warto dba\u0107 o zdrow\u0105 suplementacj\u0119? 4 maja, 2021 Wyobra\u017a sobie, \u017ce \u017cyjesz w idealnym \u015bwiecie. \u015apisz, ile chcesz, nawadniasz si\u0119 bez stres\u00f3w i po\u015bpiechu, jesz wszystkie mo\u017cliwe owoce i warzywa. Niestety \u017cycie tak nie wygl\u0105da. To dlatego organizm potrzebuje suplement\u00f3w &#8211; bo nie dostarczamy mu wszystkich niezb\u0119dnych sk\u0142adnik\u00f3w od\u017cywczych i witamin. &hellip;<\/p>\n<p class=\"read-more\"> <a class=\"\" href=\"https:\/\/nutrona.com\/pl\/blog\/\"> <span class=\"screen-reader-text\">Blog<\/span> Read More \u00bb<\/a><\/p>\n","protected":false},"author":1,"featured_media":0,"parent":0,"menu_order":0,"comment_status":"closed","ping_status":"closed","template":"","meta":{"site-sidebar-layout":"no-sidebar","site-content-layout":"page-builder","ast-global-header-display":"","ast-main-header-display":"","ast-hfb-above-header-display":"","ast-hfb-below-header-display":"","ast-hfb-mobile-header-display":"","site-post-title":"disabled","ast-breadcrumbs-content":"","ast-featured-img":"disabled","footer-sml-layout":"","theme-transparent-header-meta":"enabled","adv-header-id-meta":"","stick-header-meta":"","header-above-stick-meta":"","header-main-stick-meta":"","header-below-stick-meta":"","footnotes":""},"class_list":["post-2970","page","type-page","status-publish","hentry"],"yoast_head":"<!-- This site is optimized with the Yoast SEO plugin v20.3 - https:\/\/yoast.com\/wordpress\/plugins\/seo\/ -->\n<title>Blog - Nutrona<\/title>\n<meta name=\"robots\" content=\"index, follow, max-snippet:-1, max-image-preview:large, max-video-preview:-1\" \/>\n<link rel=\"canonical\" href=\"https:\/\/nutrona.com\/pl\/blog\/\" \/>\n<meta property=\"og:locale\" content=\"pl_PL\" \/>\n<meta property=\"og:type\" content=\"article\" \/>\n<meta property=\"og:title\" content=\"Blog - Nutrona\" \/>\n<meta property=\"og:description\" content=\"Blog Nutrona &#8211; Dlaczego warto dba\u0107 o zdrow\u0105 suplementacj\u0119? 4 maja, 2021 Wyobra\u017a sobie, \u017ce \u017cyjesz w idealnym \u015bwiecie. \u015apisz, ile chcesz, nawadniasz si\u0119 bez stres\u00f3w i po\u015bpiechu, jesz wszystkie mo\u017cliwe owoce i warzywa. Niestety \u017cycie tak nie wygl\u0105da. To dlatego organizm potrzebuje suplement\u00f3w &#8211; bo nie dostarczamy mu wszystkich niezb\u0119dnych sk\u0142adnik\u00f3w od\u017cywczych i witamin. &hellip; Blog Read More \u00bb\" \/>\n<meta property=\"og:url\" content=\"https:\/\/nutrona.com\/pl\/blog\/\" \/>\n<meta property=\"og:site_name\" content=\"Nutrona\" \/>\n<meta property=\"article:modified_time\" content=\"2021-05-04T11:51:43+00:00\" \/>\n<meta property=\"og:image\" content=\"https:\/\/nutrona.com\/wp-content\/uploads\/2021\/03\/basil-leaf.png\" \/>\n<meta name=\"twitter:card\" content=\"summary_large_image\" \/>\n<meta name=\"twitter:label1\" content=\"Szacowany czas czytania\" \/>\n\t<meta name=\"twitter:data1\" content=\"1 minuta\" \/>\n<script type=\"application\/ld+json\" class=\"yoast-schema-graph\">{\"@context\":\"https:\/\/schema.org\",\"@graph\":[{\"@type\":\"WebPage\",\"@id\":\"https:\/\/nutrona.com\/pl\/blog\/\",\"url\":\"https:\/\/nutrona.com\/pl\/blog\/\",\"name\":\"Blog - Nutrona\",\"isPartOf\":{\"@id\":\"https:\/\/nutrona.com\/pl\/#website\"},\"datePublished\":\"2021-05-04T11:14:38+00:00\",\"dateModified\":\"2021-05-04T11:51:43+00:00\",\"breadcrumb\":{\"@id\":\"https:\/\/nutrona.com\/pl\/blog\/#breadcrumb\"},\"inLanguage\":\"pl-PL\",\"potentialAction\":[{\"@type\":\"ReadAction\",\"target\":[\"https:\/\/nutrona.com\/pl\/blog\/\"]}]},{\"@type\":\"BreadcrumbList\",\"@id\":\"https:\/\/nutrona.com\/pl\/blog\/#breadcrumb\",\"itemListElement\":[{\"@type\":\"ListItem\",\"position\":1,\"name\":\"Home Page\",\"item\":\"https:\/\/nutrona.com\/pl\/\"},{\"@type\":\"ListItem\",\"position\":2,\"name\":\"Blog\"}]},{\"@type\":\"WebSite\",\"@id\":\"https:\/\/nutrona.com\/pl\/#website\",\"url\":\"https:\/\/nutrona.com\/pl\/\",\"name\":\"Nutrona\",\"description\":\"\",\"publisher\":{\"@id\":\"https:\/\/nutrona.com\/pl\/#organization\"},\"potentialAction\":[{\"@type\":\"SearchAction\",\"target\":{\"@type\":\"EntryPoint\",\"urlTemplate\":\"https:\/\/nutrona.com\/pl\/?s={search_term_string}\"},\"query-input\":\"required name=search_term_string\"}],\"inLanguage\":\"pl-PL\"},{\"@type\":\"Organization\",\"@id\":\"https:\/\/nutrona.com\/pl\/#organization\",\"name\":\"Nutrona\",\"url\":\"https:\/\/nutrona.com\/pl\/\",\"logo\":{\"@type\":\"ImageObject\",\"inLanguage\":\"pl-PL\",\"@id\":\"https:\/\/nutrona.com\/pl\/#\/schema\/logo\/image\/\",\"url\":\"https:\/\/nutrona.com\/wp-content\/uploads\/2021\/03\/organic-store-green-1.svg\",\"contentUrl\":\"https:\/\/nutrona.com\/wp-content\/uploads\/2021\/03\/organic-store-green-1.svg\",\"caption\":\"Nutrona\"},\"image\":{\"@id\":\"https:\/\/nutrona.com\/pl\/#\/schema\/logo\/image\/\"}}]}<\/script>\n<!-- \/ Yoast SEO plugin. -->","yoast_head_json":{"title":"Blog - Nutrona","robots":{"index":"index","follow":"follow","max-snippet":"max-snippet:-1","max-image-preview":"max-image-preview:large","max-video-preview":"max-video-preview:-1"},"canonical":"https:\/\/nutrona.com\/pl\/blog\/","og_locale":"pl_PL","og_type":"article","og_title":"Blog - Nutrona","og_description":"Blog Nutrona &#8211; Dlaczego warto dba\u0107 o zdrow\u0105 suplementacj\u0119? 4 maja, 2021 Wyobra\u017a sobie, \u017ce \u017cyjesz w idealnym \u015bwiecie. \u015apisz, ile chcesz, nawadniasz si\u0119 bez stres\u00f3w i po\u015bpiechu, jesz wszystkie mo\u017cliwe owoce i warzywa. Niestety \u017cycie tak nie wygl\u0105da. To dlatego organizm potrzebuje suplement\u00f3w &#8211; bo nie dostarczamy mu wszystkich niezb\u0119dnych sk\u0142adnik\u00f3w od\u017cywczych i witamin. &hellip; Blog Read More \u00bb","og_url":"https:\/\/nutrona.com\/pl\/blog\/","og_site_name":"Nutrona","article_modified_time":"2021-05-04T11:51:43+00:00","og_image":[{"url":"https:\/\/nutrona.com\/wp-content\/uploads\/2021\/03\/basil-leaf.png"}],"twitter_card":"summary_large_image","twitter_misc":{"Szacowany czas czytania":"1 minuta"},"schema":{"@context":"https:\/\/schema.org","@graph":[{"@type":"WebPage","@id":"https:\/\/nutrona.com\/pl\/blog\/","url":"https:\/\/nutrona.com\/pl\/blog\/","name":"Blog - Nutrona","isPartOf":{"@id":"https:\/\/nutrona.com\/pl\/#website"},"datePublished":"2021-05-04T11:14:38+00:00","dateModified":"2021-05-04T11:51:43+00:00","breadcrumb":{"@id":"https:\/\/nutrona.com\/pl\/blog\/#breadcrumb"},"inLanguage":"pl-PL","potentialAction":[{"@type":"ReadAction","target":["https:\/\/nutrona.com\/pl\/blog\/"]}]},{"@type":"BreadcrumbList","@id":"https:\/\/nutrona.com\/pl\/blog\/#breadcrumb","itemListElement":[{"@type":"ListItem","position":1,"name":"Home Page","item":"https:\/\/nutrona.com\/pl\/"},{"@type":"ListItem","position":2,"name":"Blog"}]},{"@type":"WebSite","@id":"https:\/\/nutrona.com\/pl\/#website","url":"https:\/\/nutrona.com\/pl\/","name":"Nutrona","description":"","publisher":{"@id":"https:\/\/nutrona.com\/pl\/#organization"},"potentialAction":[{"@type":"SearchAction","target":{"@type":"EntryPoint","urlTemplate":"https:\/\/nutrona.com\/pl\/?s={search_term_string}"},"query-input":"required name=search_term_string"}],"inLanguage":"pl-PL"},{"@type":"Organization","@id":"https:\/\/nutrona.com\/pl\/#organization","name":"Nutrona","url":"https:\/\/nutrona.com\/pl\/","logo":{"@type":"ImageObject","inLanguage":"pl-PL","@id":"https:\/\/nutrona.com\/pl\/#\/schema\/logo\/image\/","url":"https:\/\/nutrona.com\/wp-content\/uploads\/2021\/03\/organic-store-green-1.svg","contentUrl":"https:\/\/nutrona.com\/wp-content\/uploads\/2021\/03\/organic-store-green-1.svg","caption":"Nutrona"},"image":{"@id":"https:\/\/nutrona.com\/pl\/#\/schema\/logo\/image\/"}}]}},"_links":{"self":[{"href":"https:\/\/nutrona.com\/pl\/wp-json\/wp\/v2\/pages\/2970","targetHints":{"allow":["GET"]}}],"collection":[{"href":"https:\/\/nutrona.com\/pl\/wp-json\/wp\/v2\/pages"}],"about":[{"href":"https:\/\/nutrona.com\/pl\/wp-json\/wp\/v2\/types\/page"}],"author":[{"embeddable":true,"href":"https:\/\/nutrona.com\/pl\/wp-json\/wp\/v2\/users\/1"}],"replies":[{"embeddable":true,"href":"https:\/\/nutrona.com\/pl\/wp-json\/wp\/v2\/comments?post=2970"}],"version-history":[{"count":4,"href":"https:\/\/nutrona.com\/pl\/wp-json\/wp\/v2\/pages\/2970\/revisions"}],"predecessor-version":[{"id":2976,"href":"https:\/\/nutrona.com\/pl\/wp-json\/wp\/v2\/pages\/2970\/revisions\/2976"}],"wp:attachment":[{"href":"https:\/\/nutrona.com\/pl\/wp-json\/wp\/v2\/media?parent=2970"}],"curies":[{"name":"wp","href":"https:\/\/api.w.org\/{rel}","templated":true}]}}