{"id":95,"date":"2018-06-18T06:57:36","date_gmt":"2018-06-18T06:57:36","guid":{"rendered":"https:\/\/nutrona.com\/home\/"},"modified":"2021-06-17T07:41:56","modified_gmt":"2021-06-17T05:41:56","slug":"home","status":"publish","type":"page","link":"https:\/\/nutrona.com\/pl\/","title":{"rendered":"Home"},"content":{"rendered":"\n\n\t\t\t\t<img loading=\"lazy\" decoding=\"async\" src=\"https:\/\/nutrona.com\/wp-content\/uploads\/2021\/03\/nutrona.jpg\" alt=\"nutrona\" itemprop=\"image\" height=\"713\" width=\"1068\" title=\"nutrona\" onerror=\"this.style.display='none'\"  \/>\n\t\t\t\t<img loading=\"lazy\" decoding=\"async\" src=\"https:\/\/nutrona.com\/wp-content\/uploads\/2020\/02\/logo-leaf-new.png\" alt=\"logo-leaf-new\" itemprop=\"image\" height=\"33\" width=\"75\" title=\"logo-leaf-new\" onerror=\"this.style.display='none'\"  \/>\n\t<h5>\n\t\t\t\tW trosce o Twoje zdrowie\n\t\t\t<\/h5>\n\t<h1>\n\t\t\t\tNutrona\n\t\t\t<\/h1>\n\t\t<p>Sklep z prozdrowotnymi suplementami i nutraceutykami<\/p>\t\n\t<ul>\n\t\t<li>\t\t\t\t\n\t\t<h4>Wsparcie dla zdrowia pi\u0119kna i urody<\/h4><p>Dzi\u0119ki starannie dobranym, skutecznym sk\u0142adnikom<\/p><\/li>\t<\/ul>\n\t<ul>\n\t\t<li>\t\t\t\t\n\t\t<h4>Suplementy premium najwy\u017cszej jako\u015bci<\/h4><p>W trosce o Twoje zdrowie<\/p><\/li>\t<\/ul>\n\t<h2>\n\t\t\t\tNutrona\n\t\t\t<\/h2>\n\t\t\t\t<img decoding=\"async\" src=\"https:\/\/nutrona.com\/wp-content\/uploads\/2020\/02\/logo-leaf-new.png\" alt=\"logo-leaf-new\" title=\"logo-leaf-new\" itemprop=\"image\"\/>\n\t\n\n<p>Traktujemy cz\u0142owieka jako ca\u0142o\u015b\u0107. To najskuteczniejszy spos\u00f3b, by z trosk\u0105 go uzdrowi\u0107, nie pomijaj\u0105c \u017cadnego aspektu. Nutrona poprzez holistyczne podej\u015bcie wspiera cia\u0142o tworz\u0105c najwy\u017cszej jako\u015bci nutraceutyki, kt\u00f3re s\u0105 najlepszym sposobem na dog\u0142\u0119bn\u0105 piel\u0119gnacj\u0119 ca\u0142ego organizmu.<\/p>\n\t\t\t\t<img decoding=\"async\" src=\"https:\/\/nutrona.com\/wp-content\/uploads\/2021\/03\/basil-leaf.png\" alt=\"basil-leaf\" title=\"basil-leaf\" itemprop=\"image\"\/>\n\t\n<p>\u017byczymy du\u017co zdrowia i zapraszamy do zakup\u00f3w!<\/p>\n\n<p>Przede wszystkim, by wspiera\u0107 odporno\u015b\u0107 ca\u0142ego organizmu. Uk\u0142ad odporno\u015bciowy wykonuje niezwyk\u0142\u0105 prac\u0119, broni\u0105c nas przed mikroorganizmami chorobotw\u00f3rczymi. Ale czasem to si\u0119 nie udaje: co\u015b nas atakuje i wywo\u0142uje chorob\u0119. Jak interweniowa\u0107 w ten proces i zawczasu wzmocni\u0107 uk\u0142ad odporno\u015bciowy?<\/p>\n<p>Stosuj\u0105c diet\u0119 i dostarczaj\u0105c organizmowi witamin oraz preparat\u00f3w zio\u0142owych, ale to nie wszystko. W nadziei na odporny system immunologiczny czasem trzeba zmieni\u0107 tryb \u017cycia.<\/p>\n\n<p>Istniej\u0105 rzetelne dowody, \u017ce niedobory mikroelement\u00f3w, na przyk\u0142ad \u017celaza, miedzi, kwasu foliowego i witamin A, B6, C i E &#8211; maj\u0105 wp\u0142yw na obni\u017con\u0105 odporno\u015b\u0107 organizmu. Zatem, je\u015bli podejrzewasz, \u017ce twoja dieta nie dostarcza ci wszystkich niezb\u0119dnych mikroelement\u00f3w i witamin, bo na przyk\u0142ad nie przepadasz za warzywami i owocami, to warto si\u0119gn\u0105\u0107 po stosowny suplement.<\/p>\n\t\t\t\t<img decoding=\"async\" src=\"https:\/\/nutrona.com\/wp-content\/uploads\/2019\/07\/product01-free-img.jpg\" alt=\"product01-free-img\" title=\"product01-free-img\" itemprop=\"image\"\/>\n\t<h2>\n\t\t\t\tSuplementy marki Premium, kt\u00f3rym mo\u017cesz zaufa\u0107\n\t\t\t<\/h2>\n\t<p>W trosce o Twoje zdrowie<\/p>\n\t<h2>\n\t\t\t\tNutrona &#8211; Wsparcie odporno\u015bci i oczyszczania organizmu\n\t\t\t<\/h2>\n\t\t\t\t<img decoding=\"async\" src=\"https:\/\/nutrona.com\/wp-content\/uploads\/2020\/02\/logo-leaf-new.png\" alt=\"logo-leaf-new\" title=\"logo-leaf-new\" itemprop=\"image\"\/>\n\t\n<p>W\u015br\u00f3d produkt\u00f3w posiadamy nie tylko suplementy diety, ale tak\u017ce super\u017cywno\u015b\u0107, kt\u00f3ra wspiera odporno\u015b\u0107 i oczyszcza z toksyn. Pozytywnie wp\u0142ywa na funkcjonowanie organizmu, w szczeg\u00f3lno\u015bci uk\u0142adu pokarmowego. Poprawia metabolizm, ogranicza \u0142aknienie i pozwala na lepsze spalanie t\u0142uszczu.<\/p>\n<p>Wszystkie aktywne sk\u0142adniki w naszych autorskich recepturach daj\u0105 pozytywne rezultaty, co sprawia, \u017ce ich dzia\u0142anie jest szybko widoczne i odczuwalne.<\/p>\n\n<p>Z nami odkryjesz, jak przyjemnie by\u0107 pi\u0119kn\u0105 i zdrow\u0105.<\/p>\n\t<h2>\n\t\t\t\tBlog\n\t\t\t<\/h2>\n\t\t\t\t\t\t\t\t\t\t\t\t\t\t<a href=\"https:\/\/nutrona.com\/pl\/na-co-zwracac-uwage-przy-suplementacji\/\" target=\"_self\" title=\"Na co zwraca\u0107 uwag\u0119 przy suplementacji?\" rel=\"noopener\">\n\t\t\t\t<img decoding=\"async\" src=\"https:\/\/nutrona.com\/wp-content\/uploads\/2021\/06\/naturalne-zdrowe-suplementy.jpg\" alt=\"Zdrowe suplementy\" \/>\n\t\t\t\t<\/a>\n\t\t\t\t\t\t<h3>\n\t\t\t\t<a href=https:\/\/nutrona.com\/pl\/na-co-zwracac-uwage-przy-suplementacji\/ title=\"Na co zwraca\u0107 uwag\u0119 przy suplementacji?\" tabindex=\"0\">Na co zwraca\u0107 uwag\u0119 przy suplementacji?<\/a>\t\t\t<\/h3>\n\t\t\t<a href=\"https:\/\/nutrona.com\/pl\/na-co-zwracac-uwage-przy-suplementacji\/\" target=\"_self\" rel=\"noopener\">Read More &#8594;<\/a>\t\t\n\t\t\t\t\t\t\t\t\t\t\t\t\t\t<a href=\"https:\/\/nutrona.com\/pl\/jak-wybrac-dobre-suplementy-diety-bezpieczne-i-skuteczne\/\" target=\"_self\" title=\"Jak wybra\u0107 dobre suplementy diety - bezpieczne i skuteczne\" rel=\"noopener\">\n\t\t\t\t<img decoding=\"async\" src=\"https:\/\/nutrona.com\/wp-content\/uploads\/2021\/05\/naturalna-suplementacja-1.jpg\" alt=\"naturalna suplementacja\" \/>\n\t\t\t\t<\/a>\n\t\t\t\t\t\t<h3>\n\t\t\t\t<a href=https:\/\/nutrona.com\/pl\/jak-wybrac-dobre-suplementy-diety-bezpieczne-i-skuteczne\/ title=\"Jak wybra\u0107 dobre suplementy diety - bezpieczne i skuteczne\" tabindex=\"0\">Jak wybra\u0107 dobre suplementy diety &#8211; bezpieczne i skuteczne<\/a>\t\t\t<\/h3>\n\t\t\t<a href=\"https:\/\/nutrona.com\/pl\/jak-wybrac-dobre-suplementy-diety-bezpieczne-i-skuteczne\/\" target=\"_self\" rel=\"noopener\">Read More &#8594;<\/a>\t\t\n\t\t\t\t\t\t\t\t\t\t\t\t\t\t<a href=\"https:\/\/nutrona.com\/pl\/nutrona-czym-roznia-sie-suplementy-premium-od-innych\/\" target=\"_self\" title=\"Nutrona &#8211; Czym r\u00f3\u017cni\u0105 si\u0119 suplementy premium od innych?\" rel=\"noopener\">\n\t\t\t\t<img decoding=\"async\" src=\"https:\/\/nutrona.com\/wp-content\/uploads\/2021\/05\/suplementacja-naturalnie.jpg\" alt=\"\" \/>\n\t\t\t\t<\/a>\n\t\t\t\t\t\t<h3>\n\t\t\t\t<a href=https:\/\/nutrona.com\/pl\/nutrona-czym-roznia-sie-suplementy-premium-od-innych\/ title=\"Nutrona &#8211; Czym r\u00f3\u017cni\u0105 si\u0119 suplementy premium od innych?\" tabindex=\"0\">Nutrona &#8211; Czym r\u00f3\u017cni\u0105 si\u0119 suplementy premium od innych?<\/a>\t\t\t<\/h3>\n\t\t\t<a href=\"https:\/\/nutrona.com\/pl\/nutrona-czym-roznia-sie-suplementy-premium-od-innych\/\" target=\"_self\" rel=\"noopener\">Read More &#8594;<\/a>\t\t\n\n","protected":false},"excerpt":{"rendered":"<p>W trosce o Twoje zdrowie Nutrona Sklep z prozdrowotnymi suplementami i nutraceutykami Wsparcie dla zdrowia pi\u0119kna i urody Dzi\u0119ki starannie dobranym, skutecznym sk\u0142adnikom Suplementy premium najwy\u017cszej jako\u015bci W trosce o Twoje zdrowie Nutrona Traktujemy cz\u0142owieka jako ca\u0142o\u015b\u0107. To najskuteczniejszy spos\u00f3b, by z trosk\u0105 go uzdrowi\u0107, nie pomijaj\u0105c \u017cadnego aspektu. Nutrona poprzez holistyczne podej\u015bcie wspiera cia\u0142o &hellip;<\/p>\n<p class=\"read-more\"> <a class=\"\" href=\"https:\/\/nutrona.com\/pl\/\"> <span class=\"screen-reader-text\">Home<\/span> Read More \u00bb<\/a><\/p>\n","protected":false},"author":1,"featured_media":0,"parent":0,"menu_order":0,"comment_status":"closed","ping_status":"closed","template":"","meta":{"site-sidebar-layout":"no-sidebar","site-content-layout":"page-builder","ast-global-header-display":"","ast-main-header-display":"","ast-hfb-above-header-display":"","ast-hfb-below-header-display":"","ast-hfb-mobile-header-display":"","site-post-title":"disabled","ast-breadcrumbs-content":"","ast-featured-img":"disabled","footer-sml-layout":"","theme-transparent-header-meta":"enabled","adv-header-id-meta":"","stick-header-meta":"","header-above-stick-meta":"","header-main-stick-meta":"","header-below-stick-meta":"","footnotes":""},"class_list":["post-95","page","type-page","status-publish","hentry"],"yoast_head":"<!-- This site is optimized with the Yoast SEO plugin v20.3 - https:\/\/yoast.com\/wordpress\/plugins\/seo\/ -->\n<title>Nutrona - Suplementy Marki Premium<\/title>\n<meta name=\"description\" content=\"W trosce o Twoje zdrowie - Nutrona Sklep z prozdrowotnymi suplementami i nutraceutykami\" \/>\n<meta name=\"robots\" content=\"index, follow, max-snippet:-1, max-image-preview:large, max-video-preview:-1\" \/>\n<link rel=\"canonical\" href=\"https:\/\/nutrona.com\/pl\/\" \/>\n<meta property=\"og:locale\" content=\"pl_PL\" \/>\n<meta property=\"og:type\" content=\"article\" \/>\n<meta property=\"og:title\" content=\"Nutrona - Suplementy Marki Premium\" \/>\n<meta property=\"og:description\" content=\"W trosce o Twoje zdrowie - Nutrona Sklep z prozdrowotnymi suplementami i nutraceutykami\" \/>\n<meta property=\"og:url\" content=\"https:\/\/nutrona.com\/pl\/\" \/>\n<meta property=\"og:site_name\" content=\"Nutrona\" \/>\n<meta property=\"article:modified_time\" content=\"2021-06-17T05:41:56+00:00\" \/>\n<meta property=\"og:image\" content=\"https:\/\/nutrona.com\/wp-content\/uploads\/2021\/03\/nutrona.jpg\" \/>\n<meta name=\"twitter:card\" content=\"summary_large_image\" \/>\n<meta name=\"twitter:label1\" content=\"Szacowany czas czytania\" \/>\n\t<meta name=\"twitter:data1\" content=\"2 minuty\" \/>\n<script type=\"application\/ld+json\" class=\"yoast-schema-graph\">{\"@context\":\"https:\/\/schema.org\",\"@graph\":[{\"@type\":\"WebPage\",\"@id\":\"https:\/\/nutrona.com\/pl\/\",\"url\":\"https:\/\/nutrona.com\/pl\/\",\"name\":\"Nutrona - Suplementy Marki Premium\",\"isPartOf\":{\"@id\":\"https:\/\/nutrona.com\/pl\/#website\"},\"datePublished\":\"2018-06-18T06:57:36+00:00\",\"dateModified\":\"2021-06-17T05:41:56+00:00\",\"description\":\"W trosce o Twoje zdrowie - Nutrona Sklep z prozdrowotnymi suplementami i nutraceutykami\",\"breadcrumb\":{\"@id\":\"https:\/\/nutrona.com\/pl\/#breadcrumb\"},\"inLanguage\":\"pl-PL\",\"potentialAction\":[{\"@type\":\"ReadAction\",\"target\":[\"https:\/\/nutrona.com\/pl\/\"]}]},{\"@type\":\"BreadcrumbList\",\"@id\":\"https:\/\/nutrona.com\/pl\/#breadcrumb\",\"itemListElement\":[{\"@type\":\"ListItem\",\"position\":1,\"name\":\"Home Page\",\"item\":\"https:\/\/nutrona.com\/pl\/\"},{\"@type\":\"ListItem\",\"position\":2,\"name\":\"Home\"}]},{\"@type\":\"WebSite\",\"@id\":\"https:\/\/nutrona.com\/pl\/#website\",\"url\":\"https:\/\/nutrona.com\/pl\/\",\"name\":\"Nutrona\",\"description\":\"\",\"publisher\":{\"@id\":\"https:\/\/nutrona.com\/pl\/#organization\"},\"potentialAction\":[{\"@type\":\"SearchAction\",\"target\":{\"@type\":\"EntryPoint\",\"urlTemplate\":\"https:\/\/nutrona.com\/pl\/?s={search_term_string}\"},\"query-input\":\"required name=search_term_string\"}],\"inLanguage\":\"pl-PL\"},{\"@type\":\"Organization\",\"@id\":\"https:\/\/nutrona.com\/pl\/#organization\",\"name\":\"Nutrona\",\"url\":\"https:\/\/nutrona.com\/pl\/\",\"logo\":{\"@type\":\"ImageObject\",\"inLanguage\":\"pl-PL\",\"@id\":\"https:\/\/nutrona.com\/pl\/#\/schema\/logo\/image\/\",\"url\":\"https:\/\/nutrona.com\/wp-content\/uploads\/2021\/03\/organic-store-green-1.svg\",\"contentUrl\":\"https:\/\/nutrona.com\/wp-content\/uploads\/2021\/03\/organic-store-green-1.svg\",\"caption\":\"Nutrona\"},\"image\":{\"@id\":\"https:\/\/nutrona.com\/pl\/#\/schema\/logo\/image\/\"}}]}<\/script>\n<!-- \/ Yoast SEO plugin. -->","yoast_head_json":{"title":"Nutrona - Suplementy Marki Premium","description":"W trosce o Twoje zdrowie - Nutrona Sklep z prozdrowotnymi suplementami i nutraceutykami","robots":{"index":"index","follow":"follow","max-snippet":"max-snippet:-1","max-image-preview":"max-image-preview:large","max-video-preview":"max-video-preview:-1"},"canonical":"https:\/\/nutrona.com\/pl\/","og_locale":"pl_PL","og_type":"article","og_title":"Nutrona - Suplementy Marki Premium","og_description":"W trosce o Twoje zdrowie - Nutrona Sklep z prozdrowotnymi suplementami i nutraceutykami","og_url":"https:\/\/nutrona.com\/pl\/","og_site_name":"Nutrona","article_modified_time":"2021-06-17T05:41:56+00:00","og_image":[{"url":"https:\/\/nutrona.com\/wp-content\/uploads\/2021\/03\/nutrona.jpg"}],"twitter_card":"summary_large_image","twitter_misc":{"Szacowany czas czytania":"2 minuty"},"schema":{"@context":"https:\/\/schema.org","@graph":[{"@type":"WebPage","@id":"https:\/\/nutrona.com\/pl\/","url":"https:\/\/nutrona.com\/pl\/","name":"Nutrona - Suplementy Marki Premium","isPartOf":{"@id":"https:\/\/nutrona.com\/pl\/#website"},"datePublished":"2018-06-18T06:57:36+00:00","dateModified":"2021-06-17T05:41:56+00:00","description":"W trosce o Twoje zdrowie - Nutrona Sklep z prozdrowotnymi suplementami i nutraceutykami","breadcrumb":{"@id":"https:\/\/nutrona.com\/pl\/#breadcrumb"},"inLanguage":"pl-PL","potentialAction":[{"@type":"ReadAction","target":["https:\/\/nutrona.com\/pl\/"]}]},{"@type":"BreadcrumbList","@id":"https:\/\/nutrona.com\/pl\/#breadcrumb","itemListElement":[{"@type":"ListItem","position":1,"name":"Home Page","item":"https:\/\/nutrona.com\/pl\/"},{"@type":"ListItem","position":2,"name":"Home"}]},{"@type":"WebSite","@id":"https:\/\/nutrona.com\/pl\/#website","url":"https:\/\/nutrona.com\/pl\/","name":"Nutrona","description":"","publisher":{"@id":"https:\/\/nutrona.com\/pl\/#organization"},"potentialAction":[{"@type":"SearchAction","target":{"@type":"EntryPoint","urlTemplate":"https:\/\/nutrona.com\/pl\/?s={search_term_string}"},"query-input":"required name=search_term_string"}],"inLanguage":"pl-PL"},{"@type":"Organization","@id":"https:\/\/nutrona.com\/pl\/#organization","name":"Nutrona","url":"https:\/\/nutrona.com\/pl\/","logo":{"@type":"ImageObject","inLanguage":"pl-PL","@id":"https:\/\/nutrona.com\/pl\/#\/schema\/logo\/image\/","url":"https:\/\/nutrona.com\/wp-content\/uploads\/2021\/03\/organic-store-green-1.svg","contentUrl":"https:\/\/nutrona.com\/wp-content\/uploads\/2021\/03\/organic-store-green-1.svg","caption":"Nutrona"},"image":{"@id":"https:\/\/nutrona.com\/pl\/#\/schema\/logo\/image\/"}}]}},"_links":{"self":[{"href":"https:\/\/nutrona.com\/pl\/wp-json\/wp\/v2\/pages\/95","targetHints":{"allow":["GET"]}}],"collection":[{"href":"https:\/\/nutrona.com\/pl\/wp-json\/wp\/v2\/pages"}],"about":[{"href":"https:\/\/nutrona.com\/pl\/wp-json\/wp\/v2\/types\/page"}],"author":[{"embeddable":true,"href":"https:\/\/nutrona.com\/pl\/wp-json\/wp\/v2\/users\/1"}],"replies":[{"embeddable":true,"href":"https:\/\/nutrona.com\/pl\/wp-json\/wp\/v2\/comments?post=95"}],"version-history":[{"count":5,"href":"https:\/\/nutrona.com\/pl\/wp-json\/wp\/v2\/pages\/95\/revisions"}],"predecessor-version":[{"id":3019,"href":"https:\/\/nutrona.com\/pl\/wp-json\/wp\/v2\/pages\/95\/revisions\/3019"}],"wp:attachment":[{"href":"https:\/\/nutrona.com\/pl\/wp-json\/wp\/v2\/media?parent=95"}],"curies":[{"name":"wp","href":"https:\/\/api.w.org\/{rel}","templated":true}]}}