{"id":96,"date":"2018-06-18T06:57:57","date_gmt":"2018-06-18T06:57:57","guid":{"rendered":"https:\/\/nutrona.com\/about\/"},"modified":"2021-03-26T15:43:52","modified_gmt":"2021-03-26T14:43:52","slug":"o-nas","status":"publish","type":"page","link":"https:\/\/nutrona.com\/pl\/o-nas\/","title":{"rendered":"O Nas"},"content":{"rendered":"\r\n<h1>Dowiedz si\u0119 wi\u0119cej o Nutrona<\/h1>\r\n<p><img decoding=\"async\" title=\"basil-leaf\" src=\"https:\/\/nutrona.com\/wp-content\/uploads\/2021\/03\/basil-leaf.png\" alt=\"basil-leaf\" \/> Regularne stosowanie odpowiednio zbilansowanej diety bogatej w niezb\u0119dne witaminy i mikroelementy to podstawa utrzymania dobrego zdrowia.<br \/>Nie zawsze udaje si\u0119 to osi\u0105gn\u0105\u0107.<\/p>\r\n<p>Dlatego coraz cz\u0119\u015bciej si\u0119gamy po kompleksowe metody, kt\u00f3re dostarcz\u0105 organizmowi potrzebnych sk\u0142adnik\u00f3w bilansuj\u0105c nasz\u0105 diet\u0119.<\/p>\r\n<p>Jednak wyb\u00f3r w\u0142a\u015bciwego rozwi\u0105zania nierzadko stanowi du\u017ce wyzwanie.<\/p>\r\n<p>Nutrona to sklep z prozdrowotnymi suplementami i skutecznymi nutraceutykami, kt\u00f3ry wychodzi naprzeciw temu wyzwaniu i dostarcza najwy\u017cszej jako\u015bci suplementy diety.<\/p>\r\n<p>Poprzez holistyczne podej\u015bcie Nutrona wspiera cia\u0142o tworz\u0105c bezpieczne nutraceutyki, kt\u00f3re s\u0105 najlepszym sposobem na dog\u0142\u0119bn\u0105 piel\u0119gnacj\u0119 ca\u0142ego organizmu.<\/p>\r\n<p>Suplementy Nutrona to gwarancja zdrowia i bezpiecze\u0144stwo stosowania.<\/p>\r\n<p><img decoding=\"async\" title=\"banner-01 (1)\" src=\"https:\/\/nutrona.com\/wp-content\/uploads\/bb-plugin\/cache\/banner-01-1-square.jpg\" alt=\"banner-01 (1)\" \/><\/p>\r\n","protected":false},"excerpt":{"rendered":"<p>Dowiedz si\u0119 wi\u0119cej o Nutrona Regularne stosowanie odpowiednio zbilansowanej diety bogatej w niezb\u0119dne witaminy i mikroelementy to podstawa utrzymania dobrego zdrowia.Nie zawsze udaje si\u0119 to osi\u0105gn\u0105\u0107. Dlatego coraz cz\u0119\u015bciej si\u0119gamy po kompleksowe metody, kt\u00f3re dostarcz\u0105 organizmowi potrzebnych sk\u0142adnik\u00f3w bilansuj\u0105c nasz\u0105 diet\u0119. Jednak wyb\u00f3r w\u0142a\u015bciwego rozwi\u0105zania nierzadko stanowi du\u017ce wyzwanie. Nutrona to sklep z prozdrowotnymi suplementami &hellip;<\/p>\n<p class=\"read-more\"> <a class=\"\" href=\"https:\/\/nutrona.com\/pl\/o-nas\/\"> <span class=\"screen-reader-text\">O Nas<\/span> Read More \u00bb<\/a><\/p>\n","protected":false},"author":1,"featured_media":0,"parent":0,"menu_order":0,"comment_status":"closed","ping_status":"closed","template":"","meta":{"site-sidebar-layout":"no-sidebar","site-content-layout":"page-builder","ast-global-header-display":"","ast-main-header-display":"","ast-hfb-above-header-display":"","ast-hfb-below-header-display":"","ast-hfb-mobile-header-display":"","site-post-title":"disabled","ast-breadcrumbs-content":"","ast-featured-img":"disabled","footer-sml-layout":"","theme-transparent-header-meta":"enabled","adv-header-id-meta":"","stick-header-meta":"","header-above-stick-meta":"","header-main-stick-meta":"","header-below-stick-meta":"","footnotes":""},"class_list":["post-96","page","type-page","status-publish","hentry"],"yoast_head":"<!-- This site is optimized with the Yoast SEO plugin v20.3 - https:\/\/yoast.com\/wordpress\/plugins\/seo\/ -->\n<title>O nas - Nutrona<\/title>\n<meta name=\"robots\" content=\"index, follow, max-snippet:-1, max-image-preview:large, max-video-preview:-1\" \/>\n<link rel=\"canonical\" href=\"https:\/\/nutrona.com\/pl\/o-nas\/\" \/>\n<meta property=\"og:locale\" content=\"pl_PL\" \/>\n<meta property=\"og:type\" content=\"article\" \/>\n<meta property=\"og:title\" content=\"O nas - Nutrona\" \/>\n<meta property=\"og:description\" content=\"Dowiedz si\u0119 wi\u0119cej o Nutrona Regularne stosowanie odpowiednio zbilansowanej diety bogatej w niezb\u0119dne witaminy i mikroelementy to podstawa utrzymania dobrego zdrowia.Nie zawsze udaje si\u0119 to osi\u0105gn\u0105\u0107. Dlatego coraz cz\u0119\u015bciej si\u0119gamy po kompleksowe metody, kt\u00f3re dostarcz\u0105 organizmowi potrzebnych sk\u0142adnik\u00f3w bilansuj\u0105c nasz\u0105 diet\u0119. Jednak wyb\u00f3r w\u0142a\u015bciwego rozwi\u0105zania nierzadko stanowi du\u017ce wyzwanie. Nutrona to sklep z prozdrowotnymi suplementami &hellip; O Nas Read More \u00bb\" \/>\n<meta property=\"og:url\" content=\"https:\/\/nutrona.com\/pl\/o-nas\/\" \/>\n<meta property=\"og:site_name\" content=\"Nutrona\" \/>\n<meta property=\"article:modified_time\" content=\"2021-03-26T14:43:52+00:00\" \/>\n<meta property=\"og:image\" content=\"https:\/\/nutrona.com\/wp-content\/uploads\/2021\/03\/basil-leaf.png\" \/>\n<meta name=\"twitter:card\" content=\"summary_large_image\" \/>\n<meta name=\"twitter:label1\" content=\"Szacowany czas czytania\" \/>\n\t<meta name=\"twitter:data1\" content=\"1 minuta\" \/>\n<script type=\"application\/ld+json\" class=\"yoast-schema-graph\">{\"@context\":\"https:\/\/schema.org\",\"@graph\":[{\"@type\":\"WebPage\",\"@id\":\"https:\/\/nutrona.com\/pl\/o-nas\/\",\"url\":\"https:\/\/nutrona.com\/pl\/o-nas\/\",\"name\":\"O nas - Nutrona\",\"isPartOf\":{\"@id\":\"https:\/\/nutrona.com\/pl\/#website\"},\"datePublished\":\"2018-06-18T06:57:57+00:00\",\"dateModified\":\"2021-03-26T14:43:52+00:00\",\"breadcrumb\":{\"@id\":\"https:\/\/nutrona.com\/pl\/o-nas\/#breadcrumb\"},\"inLanguage\":\"pl-PL\",\"potentialAction\":[{\"@type\":\"ReadAction\",\"target\":[\"https:\/\/nutrona.com\/pl\/o-nas\/\"]}]},{\"@type\":\"BreadcrumbList\",\"@id\":\"https:\/\/nutrona.com\/pl\/o-nas\/#breadcrumb\",\"itemListElement\":[{\"@type\":\"ListItem\",\"position\":1,\"name\":\"Home Page\",\"item\":\"https:\/\/nutrona.com\/pl\/\"},{\"@type\":\"ListItem\",\"position\":2,\"name\":\"O Nas\"}]},{\"@type\":\"WebSite\",\"@id\":\"https:\/\/nutrona.com\/pl\/#website\",\"url\":\"https:\/\/nutrona.com\/pl\/\",\"name\":\"Nutrona\",\"description\":\"\",\"publisher\":{\"@id\":\"https:\/\/nutrona.com\/pl\/#organization\"},\"potentialAction\":[{\"@type\":\"SearchAction\",\"target\":{\"@type\":\"EntryPoint\",\"urlTemplate\":\"https:\/\/nutrona.com\/pl\/?s={search_term_string}\"},\"query-input\":\"required name=search_term_string\"}],\"inLanguage\":\"pl-PL\"},{\"@type\":\"Organization\",\"@id\":\"https:\/\/nutrona.com\/pl\/#organization\",\"name\":\"Nutrona\",\"url\":\"https:\/\/nutrona.com\/pl\/\",\"logo\":{\"@type\":\"ImageObject\",\"inLanguage\":\"pl-PL\",\"@id\":\"https:\/\/nutrona.com\/pl\/#\/schema\/logo\/image\/\",\"url\":\"https:\/\/nutrona.com\/wp-content\/uploads\/2021\/03\/organic-store-green-1.svg\",\"contentUrl\":\"https:\/\/nutrona.com\/wp-content\/uploads\/2021\/03\/organic-store-green-1.svg\",\"caption\":\"Nutrona\"},\"image\":{\"@id\":\"https:\/\/nutrona.com\/pl\/#\/schema\/logo\/image\/\"}}]}<\/script>\n<!-- \/ Yoast SEO plugin. -->","yoast_head_json":{"title":"O nas - Nutrona","robots":{"index":"index","follow":"follow","max-snippet":"max-snippet:-1","max-image-preview":"max-image-preview:large","max-video-preview":"max-video-preview:-1"},"canonical":"https:\/\/nutrona.com\/pl\/o-nas\/","og_locale":"pl_PL","og_type":"article","og_title":"O nas - Nutrona","og_description":"Dowiedz si\u0119 wi\u0119cej o Nutrona Regularne stosowanie odpowiednio zbilansowanej diety bogatej w niezb\u0119dne witaminy i mikroelementy to podstawa utrzymania dobrego zdrowia.Nie zawsze udaje si\u0119 to osi\u0105gn\u0105\u0107. Dlatego coraz cz\u0119\u015bciej si\u0119gamy po kompleksowe metody, kt\u00f3re dostarcz\u0105 organizmowi potrzebnych sk\u0142adnik\u00f3w bilansuj\u0105c nasz\u0105 diet\u0119. Jednak wyb\u00f3r w\u0142a\u015bciwego rozwi\u0105zania nierzadko stanowi du\u017ce wyzwanie. Nutrona to sklep z prozdrowotnymi suplementami &hellip; O Nas Read More \u00bb","og_url":"https:\/\/nutrona.com\/pl\/o-nas\/","og_site_name":"Nutrona","article_modified_time":"2021-03-26T14:43:52+00:00","og_image":[{"url":"https:\/\/nutrona.com\/wp-content\/uploads\/2021\/03\/basil-leaf.png"}],"twitter_card":"summary_large_image","twitter_misc":{"Szacowany czas czytania":"1 minuta"},"schema":{"@context":"https:\/\/schema.org","@graph":[{"@type":"WebPage","@id":"https:\/\/nutrona.com\/pl\/o-nas\/","url":"https:\/\/nutrona.com\/pl\/o-nas\/","name":"O nas - Nutrona","isPartOf":{"@id":"https:\/\/nutrona.com\/pl\/#website"},"datePublished":"2018-06-18T06:57:57+00:00","dateModified":"2021-03-26T14:43:52+00:00","breadcrumb":{"@id":"https:\/\/nutrona.com\/pl\/o-nas\/#breadcrumb"},"inLanguage":"pl-PL","potentialAction":[{"@type":"ReadAction","target":["https:\/\/nutrona.com\/pl\/o-nas\/"]}]},{"@type":"BreadcrumbList","@id":"https:\/\/nutrona.com\/pl\/o-nas\/#breadcrumb","itemListElement":[{"@type":"ListItem","position":1,"name":"Home Page","item":"https:\/\/nutrona.com\/pl\/"},{"@type":"ListItem","position":2,"name":"O Nas"}]},{"@type":"WebSite","@id":"https:\/\/nutrona.com\/pl\/#website","url":"https:\/\/nutrona.com\/pl\/","name":"Nutrona","description":"","publisher":{"@id":"https:\/\/nutrona.com\/pl\/#organization"},"potentialAction":[{"@type":"SearchAction","target":{"@type":"EntryPoint","urlTemplate":"https:\/\/nutrona.com\/pl\/?s={search_term_string}"},"query-input":"required name=search_term_string"}],"inLanguage":"pl-PL"},{"@type":"Organization","@id":"https:\/\/nutrona.com\/pl\/#organization","name":"Nutrona","url":"https:\/\/nutrona.com\/pl\/","logo":{"@type":"ImageObject","inLanguage":"pl-PL","@id":"https:\/\/nutrona.com\/pl\/#\/schema\/logo\/image\/","url":"https:\/\/nutrona.com\/wp-content\/uploads\/2021\/03\/organic-store-green-1.svg","contentUrl":"https:\/\/nutrona.com\/wp-content\/uploads\/2021\/03\/organic-store-green-1.svg","caption":"Nutrona"},"image":{"@id":"https:\/\/nutrona.com\/pl\/#\/schema\/logo\/image\/"}}]}},"_links":{"self":[{"href":"https:\/\/nutrona.com\/pl\/wp-json\/wp\/v2\/pages\/96","targetHints":{"allow":["GET"]}}],"collection":[{"href":"https:\/\/nutrona.com\/pl\/wp-json\/wp\/v2\/pages"}],"about":[{"href":"https:\/\/nutrona.com\/pl\/wp-json\/wp\/v2\/types\/page"}],"author":[{"embeddable":true,"href":"https:\/\/nutrona.com\/pl\/wp-json\/wp\/v2\/users\/1"}],"replies":[{"embeddable":true,"href":"https:\/\/nutrona.com\/pl\/wp-json\/wp\/v2\/comments?post=96"}],"version-history":[{"count":8,"href":"https:\/\/nutrona.com\/pl\/wp-json\/wp\/v2\/pages\/96\/revisions"}],"predecessor-version":[{"id":2941,"href":"https:\/\/nutrona.com\/pl\/wp-json\/wp\/v2\/pages\/96\/revisions\/2941"}],"wp:attachment":[{"href":"https:\/\/nutrona.com\/pl\/wp-json\/wp\/v2\/media?parent=96"}],"curies":[{"name":"wp","href":"https:\/\/api.w.org\/{rel}","templated":true}]}}